{"id":171,"date":"2020-07-21T15:40:43","date_gmt":"2020-07-21T13:40:43","guid":{"rendered":"https:\/\/beta2.nbcorp.be\/?page_id=171"},"modified":"2021-03-10T11:33:47","modified_gmt":"2021-03-10T10:33:47","slug":"cookies-policy-politique-des-cookies","status":"publish","type":"page","link":"https:\/\/nbcorp.be\/?page_id=171","title":{"rendered":"Cookies policy &#8211; Politique des cookies"},"content":{"rendered":"\n<p>&#8212;&#8212;&#8212;&#8212;&#8212;&#8212;&#8212;&#8212;&#8212;&#8212;&#8212;&#8212;&#8212;&#8212;&#8212;&#8212;&#8212;&#8212;&#8212;&#8212;&#8212;&#8212;&#8211;<\/p>\n\n\n\n<div class=\"alignfull\" style=\"width:80%\"><\/div>\n\n\n\n<p>A PROPOS<\/p>\n\n\n\n<p>&#8212;&#8212;&#8212;&#8212;&#8212;-<\/p>\n\n\n\n<p>NB Corp. consid\u00e8re que l\u2019utilisateur est responsable de l\u2019utilisation de son de son terminal (terminal, ordinateur, ordiphone, smartphone, tablette, \u2026 ), et du navigateur ou logiciel utilis\u00e9, et par cons\u00e9quent qu\u2019il incombe \u00e0 l\u2019utilisateur de g\u00e9rer les cookies stock\u00e9 localement sur son ordinateur ou son terminal.<\/p>\n\n\n\n<p>NB Corp. utilise principalement des cookies dans le but d\u2019am\u00e9liorer l\u2019exp\u00e9rience de navigation de l\u2019utilisateur sur son site internet www.nbcorp.be ou l\u2019application li\u00e9e, ci-apr\u00e8s celui-ci sera d\u00e9nomm\u00e9 le \u00ab site web \u00bb.<\/p>\n\n\n\n<p>La pr\u00e9sente politique en mati\u00e8re de cookies fournit des informations sur les diff\u00e9rents types de cookies informatiques et sur les raisons pour lesquelles nous les utilisons. Les informations ci-dessous ont pour but de vous aider \u00e0 mieux comprendre ce que sont les cookies et quel r\u00f4le ils jouent lorsque vous visitez notre site web. Depuis fin mai\u202f2012, la l\u00e9gislation europ\u00e9enne exige que tous les sites web qui utilisent des cookies vous en informent et vous demandent votre consentement expr\u00e8s pour stocker et r\u00e9cup\u00e9rer des donn\u00e9es sur vos habitudes de navigation.\u202f&nbsp;<\/p>\n\n\n\n<p>QU\u2019EST-CE QUE LES COOKIES&nbsp;?<\/p>\n\n\n\n<p>&#8212;&#8212;&#8212;&#8212;&#8212;&#8212;&#8212;&#8212;&#8212;&#8212;&#8212;&#8212;&#8212;&#8212;&#8212;&#8212;&#8212;<\/p>\n\n\n\n<p>Un cookie, \u00e9galement connu comme un HTTP cookie, un cookie web ou un cookie de navigation, est un petit fichier texte envoy\u00e9 par le serveur d\u2019un site web et stock\u00e9 dans le navigateur web ou sur l\u2019appareil de l\u2019utilisateur pendant qu\u2019il navigue sur un site web. Des informations sont enregistr\u00e9es dans ce fichier texte, comme par exemple votre choix de langue pour un site web. Lors de futures visites de l\u2019utilisateur sur le m\u00eame site web, les donn\u00e9es qui auront \u00e9t\u00e9 stock\u00e9es dans le cookie pourront \u00eatre recueillies par le site web afin d\u2019informer ce dernier de l\u2019activit\u00e9 pr\u00e9c\u00e9dente de l\u2019utilisateur. De cette mani\u00e8re, le site web reconna\u00eet votre navigateur et peut, par exemple, m\u00e9moriser vos pr\u00e9f\u00e9rences linguistiques.\u202f&nbsp;<\/p>\n\n\n\n<p>Les cookies ont \u00e9t\u00e9 con\u00e7us comme un m\u00e9canisme fiable pour les sites web afin de m\u00e9moriser l\u2019\u00e9tat du site web ou l\u2019activit\u00e9 que l\u2019utilisateur a effectu\u00e9 dans le pass\u00e9. Ils nous aident ainsi \u00e0 optimiser votre visite sur le Site web ainsi qu\u2019\u00e0 m\u00e9moriser les choix techniques op\u00e9r\u00e9s (par exemple : le choix de la langue, un bulletin d\u2019information, le panier d\u2019achat, etc.) et \u00e0 montrer des offres et des services plus pertinents.<\/p>\n\n\n\n<p>Les cookies peuvent \u00eatre plac\u00e9s par le serveur du site web que vous visitez ou par des partenaires avec lesquels ce site web collabore. Le serveur d&rsquo;un site web peut uniquement lire les cookies qu&rsquo;il a lui-m\u00eame plac\u00e9s; il n&rsquo;a acc\u00e8s \u00e0 aucune autre information se trouvant sur votre ordinateur ou sur votre appareil mobile. Les cookies sont stock\u00e9s sur votre ordinateur ou appareil mobile dans le r\u00e9pertoire de votre navigateur. Le contenu d&rsquo;un cookie se compose en g\u00e9n\u00e9ral du nom du serveur qui a plac\u00e9 le cookie, d&rsquo;une date d&rsquo;expiration et d&rsquo;un code chiffr\u00e9 unique.<\/p>\n\n\n\n<p>Les informations collect\u00e9es et stock\u00e9es dans un cookie sont supprim\u00e9es lorsqu\u2019elles ne sont plus n\u00e9cessaires \u00e0 la finalit\u00e9 poursuivie. Elles seront effac\u00e9es dans les meilleurs d\u00e9lais. Les cookies ont g\u00e9n\u00e9ralement aussi une date d&rsquo;expiration. Certains cookies sont par exemple automatiquement supprim\u00e9s lorsque vous fermez votre navigateur (ce que l&rsquo;on appelle les cookies de session), tandis que d&rsquo;autres restent plus longtemps sur votre ordinateur, parfois m\u00eame jusqu&rsquo;\u00e0 ce que vous les supprimiez manuellement (ce que l&rsquo;on appelle les cookies permanents).<\/p>\n\n\n\n<p>Les cookies assurent une interaction g\u00e9n\u00e9ralement plus ais\u00e9e et plus rapide entre le visiteur et le site web. De plus, ils aident le visiteur \u00e0 naviguer entre les diff\u00e9rentes parties du site web. Les cookies peuvent \u00e9galement \u00eatre utilis\u00e9s pour rendre le contenu d&rsquo;un site web ou la publicit\u00e9 pr\u00e9sente sur ce site plus pertinents pour le visiteur et adapter le site web aux go\u00fbts personnels et aux besoins du visiteur.&nbsp;L\u2019utilisateur reste responsable de la gestion des cookies pr\u00e9sents sur son terminal (ordinateur, ordiphone, smartphone, tablette, \u2026).<\/p>\n\n\n\n<p>LES DIFFERENTS TYPE DE COOKIES UTILIS\u00c9S ?<\/p>\n\n\n\n<p>&#8212;&#8212;&#8212;&#8212;&#8212;&#8212;&#8212;&#8212;&#8212;&#8212;&#8212;&#8212;&#8212;&#8212;&#8212;&#8212;&#8212;&#8212;&#8212;&#8212;&#8212;&#8212;&#8212;&#8212;-<\/p>\n\n\n\n<p><strong>Les cookies strictement n\u00e9cessaires \u00e0 la navigation<\/strong><\/p>\n\n\n\n<p>Comme leur nom le fait supposer, ces cookies sont requis pour vous permettre de naviguer sur le site web ou pour fournir certaines fonctions que vous avez demand\u00e9es.<\/p>\n\n\n\n<p><strong>Les cookies fonctionnels<\/strong><\/p>\n\n\n\n<p>Ces cookies am\u00e9liorent la fonctionnalit\u00e9 du Site web en enregistrant vos pr\u00e9f\u00e9rences et vos r\u00e9glages (par exemple, vous pouvez configurer votre profil sur la page d\u2019accueil).<\/p>\n\n\n\n<p><strong>Les cookies statistiques (analyse\/pistage)<\/strong><\/p>\n\n\n\n<p>Ces cookies survivront aux sessions des utilisateurs. Le but est de stocker des informations sur, par exemple, la mani\u00e8re dont l\u2019utilisateur est arriv\u00e9 initialement sur le Site web. Par exemple, d\u00e8s que vous avez choisi la langue souhait\u00e9e, le Site web enregistrera votre pr\u00e9f\u00e9rence dans un cookie permanent et le stockera sur votre navigateur. Lorsque vous visiterez ensuite de nouveau le Site web, le Site web utilisera ce cookie permanent pour veiller \u00e0 ce que le contenu soit fourni dans la langue que vous avez souhait\u00e9e.<\/p>\n\n\n\n<p><strong>Les cookies de performance<\/strong><\/p>\n\n\n\n<p>Ces cookies aident \u00e0 am\u00e9liorer les performances du Site web et donc \u00e0 fournir une meilleure exp\u00e9rience d\u2019utilisation. Ces cookies permettent, par exemple, d\u2019analyser comment les utilisateurs font usage du Site web. Ils peuvent \u00e9galement enregistrer le nombre de visiteurs concernant leur comportement global \u2013 comme la dur\u00e9e typique d\u2019une visite sur le Site web ou le nombre de pages qu\u2019un utilisateur consulte en moyenne.<\/p>\n\n\n\n<p><strong>Cookies de tiers<\/strong><\/p>\n\n\n\n<p>Il s\u2019agit de cookies install\u00e9s et g\u00e9r\u00e9s par un tiers. Afin de soutenir ses communications, un site web peut ancrer son contenu dans les canaux de m\u00e9dias sociaux comme YouTube, Facebook, Twitter, LinkedIn, &#8230; ou autres. Le site web peut \u00e9galement faire usage des possibilit\u00e9s de partage sur les r\u00e9seaux sociaux. Les canaux utilis\u00e9s peuvent contenir des cookies de ces sites web tiers que le propri\u00e9taire du site web ne contr\u00f4le pas.<\/p>\n\n\n\n<p>Dans un tel cas de figure, les utilisateurs sont invit\u00e9s \u00e0 consulter la politique en mati\u00e8re de cookies de ces sites web tiers pour obtenir toutes les informations sur les cookies qu\u2019ils utilisent.<\/p>\n\n\n\n<p>CONSENTEMENT A NOTRE UTILISATION DE COOKIES<\/p>\n\n\n\n<p>&#8212;&#8212;&#8212;&#8212;&#8212;&#8212;&#8212;&#8212;&#8212;&#8212;&#8212;&#8212;&#8212;&#8212;&#8212;&#8212;&#8212;&#8212;&#8212;&#8212;&#8212;&#8212;&#8212;&#8212;&#8212;&#8212;&#8212;&#8211;<\/p>\n\n\n\n<p>Si vous souhaitez consulter de fa\u00e7on optimale le site web&nbsp;: NB Corp.<\/p>\n\n\n\n<p>Nous vous conseillons d\u2019activer les cookies&nbsp;!<\/p>\n\n\n\n<p>Le<strong> message d\u2019avertissement<\/strong> sur la page d\u2019accueil vous permet d\u2019exprimer votre consentement \u00e0 la politique en mati\u00e8re de cookies de NB Corp.<\/p>\n\n\n\n<p>Si vous pr\u00e9f\u00e9rez ne pas utiliser les cookies, vous \u00eates donc libre de ne pas les activer. Dans une telle hypoth\u00e8se, vous pourrez encore acc\u00e9der aux parties publiques du Site web, mais certaines fonctions pourraient \u00eatre limit\u00e9es ou impossibles d\u2019acc\u00e8s.<\/p>\n\n\n\n<p>Nous vous invitons \u00e9galement \u00e0 consulter notre politique en mati\u00e8re de protection de la vie priv\u00e9e pr\u00e9vue dans les conditions g\u00e9n\u00e9rales d\u2019utilisation du Site web qui d\u00e9finit les r\u00e8gles que nous suivons dans le traitement de vos donn\u00e9es \u00e0 caract\u00e8re personnel que nous pourrions recueillir.<\/p>\n\n\n\n<p>L\u2019utilisation des cookies n\u00e9cessite votre consentement pr\u00e9alable et explicite. Vous pourrez toujours revenir ult\u00e9rieurement sur celui-ci et refuser ces cookies et\/ou les supprimer \u00e0 tout moment, en modifiant les param\u00e8tres de votre navigateur.<\/p>\n\n\n\n<p>GESTION DES COOKIES<\/p>\n\n\n\n<p>&#8212;&#8212;&#8212;&#8212;&#8212;&#8212;&#8212;&#8212;&#8212;&#8212;&#8212;&#8212;&#8212;&#8211;<\/p>\n\n\n\n<p>La plupart des navigateurs Internet sont configur\u00e9s pour accepter les cookies. Toutefois, si vous ne souhaitez pas recevoir de cookies, vous pouvez modifier les param\u00e8tres de votre navigateur pour \u00eatre averti lorsque des cookies sont envoy\u00e9s ou simplement refuser les cookies. Pour plus d&rsquo;informations \u00e0 ce sujet, rendez-vous par exemple sur\u202f:&nbsp;<\/p>\n\n\n\n<p>Internet Explorer\u202f:\u202f<a href=\"https:\/\/support.microsoft.com\/fr-be\/help\/17442\/windows-internet-explorer-delete-manage-cookies\">https:\/\/support.microsoft.com\/fr-be\/help\/17442\/windows-internet-explorer-delete-manage-cookies<\/a>\u202f&nbsp;<\/p>\n\n\n\n<p>Chrome\u202f:\u202f<a href=\"https:\/\/support.google.com\/chrome\/answer\/95647?hl=fr\">https:\/\/support.google.com\/chrome\/answer\/95647?hl=fr<\/a>\u202f&nbsp;<\/p>\n\n\n\n<p>Firefox\u202f:\u202f<a href=\"https:\/\/support.mozilla.org\/fr\/kb\/activer-desactiver-cookies-preferences\">https:\/\/support.mozilla.org\/fr\/kb\/activer-desactiver-cookies-preferences<\/a>\u202f&nbsp;<\/p>\n\n\n\n<p>Safari\u202f:\u202f<a href=\"https:\/\/support.apple.com\/kb\/PH5042?locale=fr_FR\">https:\/\/support.apple.com\/kb\/PH5042?locale=fr_FR<\/a><a href=\"http:\/\/applewebdata\/\/6C5E808F-ADB9-423C-AC3E-887FEA2CB340#_msocom_1\">[LE1]<\/a>\u202f\u202f&nbsp;<\/p>\n\n\n\n<p>Si vous souhaitez en savoir plus sur les cookies, nous vous invitions \u00e0 visiter le site web <a href=\"http:\/\/www.allaboutcookies.org\/\">www.allaboutcookies.org<\/a>. Ce site web fournit davantage d\u2019informations sur les cookies, explique en d\u00e9tail comment vous pouvez supprimer les cookies que vous trouvez et vous montre comment vous pouvez autoriser des sites web fiables \u00e0 stocker des cookies sur votre ordinateur.<\/p>\n\n\n\n<p>En cas de non-fonctionnement des liens fournis, veuillez effectuer une recherche sur le sujet en rapport avec votre navigateur. NB Corp. ne peut \u00eatre consid\u00e9rer comme responsable des liens fournis. Si vous continuez \u00e0 naviguer sur notre site web apr\u00e8s avoir re\u00e7u et accept\u00e9 notre notification sur les cookies, cela signifie que vous consentez \u00e0 ce que nous utilisions des cookies.\u202f&nbsp;<\/p>\n\n\n\n<p>\u202fVous pouvez retirer votre consentement \u00e0 l\u2019utilisation de cookies \u00e0 tout moment. Vous pouvez limiter ou bloquer les cookies qui ont \u00e9t\u00e9 install\u00e9s sur votre appareil en utilisant les param\u00e8tres de votre navigateur. Pour savoir comment proc\u00e9der, utilisez la fonction d\u2019aide de votre navigateur (et RTFM). De plus, vous pouvez utiliser les param\u00e8tres de votre navigateur pour supprimer les cookies install\u00e9s. Attention\u202f: si vous s\u00e9lectionnez de tels param\u00e8tres de navigation, il est possible que vous ne puissiez pas acc\u00e9der \u00e0 notre site web ou que ses fonctions soient restreintes.&nbsp;<\/p>\n\n\n\n<p>La d\u00e9sinscription \u00e0 ces cookies ne signifie pas que vous ne recevrez plus de publicit\u00e9s en ligne. Cela signifie que l\u2019entreprise ou les entreprises dont vous vous \u00eates d\u00e9sinscrit via l\u2019opt-out ne vous fourniront plus de marketing adapt\u00e9 \u00e0 vos pr\u00e9f\u00e9rences\u202fInternet et habitudes d\u2019utilisation.&nbsp;<\/p>\n\n\n\n<p>QUEL COOKIES SONT UTILIS\u00c9S SUR CE SITE WEB&nbsp;?<\/p>\n\n\n\n<p>&#8212;&#8212;&#8212;&#8212;&#8212;&#8212;&#8212;&#8212;&#8212;&#8212;&#8212;&#8212;&#8212;&#8212;&#8212;&#8212;&#8212;&#8212;&#8212;&#8212;&#8212;&#8212;&#8212;&#8212;&#8212;&#8212;<\/p>\n\n\n\n<p>Ci-dessous, vous trouverez une liste d\u00e9taillant les cookies que nous utilisons, leurs noms, leurs cat\u00e9gories et quelle est leur finalit\u00e9.&nbsp;<\/p>\n\n\n\n<p><strong>\u2192 Les cookies fonctionnels<\/strong><\/p>\n\n\n\n<p>Nom du cookie : gdpr_compliance<\/p>\n\n\n\n<p>Cat\u00e9gorie : Cookies fonctionnels<\/p>\n\n\n\n<p>Finalit\u00e9 : Ce cookie est cr\u00e9\u00e9 par la barre de consentement \u00e0 l\u2019utilisation des cookies qui appara\u00eet en bas de page.<br>Il sert \u00e0 m\u00e9moriser les pr\u00e9f\u00e9rences de gestion des cookies telles que d\u00e9finies par l\u2019utilisateur.<\/p>\n\n\n\n<p>Nom du cookie : cookie-agreed<\/p>\n\n\n\n<p>Cat\u00e9gorie : Cookies fonctionnels<\/p>\n\n\n\n<p>Finalit\u00e9 : Ce cookie est cr\u00e9\u00e9 par la barre de consentement \u00e0 l\u2019utilisation des cookies qui appara\u00eet en bas de page.<br>Il sert \u00e0 m\u00e9moriser les pr\u00e9f\u00e9rences de gestion des cookies telles que d\u00e9finies par l\u2019utilisateur.<\/p>\n\n\n\n<p><strong>\u2192 Les cookies statistiques (analyse\/pistage)<\/strong><\/p>\n\n\n\n<p>Nom du cookie<\/p>\n\n\n\n<p>Cat\u00e9gorie<\/p>\n\n\n\n<p>Finalit\u00e9<\/p>\n\n\n\n<p>Nom du cookie :<\/p>\n\n\n\n<p>_ga<br>_gid<br>_gat_gtag_UA_#<\/p>\n\n\n\n<p>Cat\u00e9gorie : Cookies statistiques<\/p>\n\n\n\n<p>Finalit\u00e9 :&nbsp; Ces cookies sont cr\u00e9\u00e9s par le service Google Analytics de Google.<br>Ils nous aident \u00e0 mieux conna\u00eetre le comportement des utilisateurs sur notre site et \u00e0 optimiser leur exp\u00e9rience.<br>&nbsp;<\/p>\n\n\n\n<p>Nom du cookie : MATOMO_SESSID<\/p>\n\n\n\n<p>Cat\u00e9gorie : Cookies statistiques<\/p>\n\n\n\n<p>Finalit\u00e9 : Ce cookie est cr\u00e9\u00e9 par le service de stats.nbcorp.be de NB Corp.<\/p>\n\n\n\n<p>Il nous permet d\u2019obtenir des statistiques d\u2019utilisation.<\/p>\n\n\n\n<p>Nom du cookie : PIWIK_SESSID<\/p>\n\n\n\n<p>Cat\u00e9gorie : Cookies statistiques<\/p>\n\n\n\n<p>Finalit\u00e9 : Ce cookie est cr\u00e9\u00e9 par le service de stats.nbcorp.be de NB Corp.<\/p>\n\n\n\n<p>Il nous permet d\u2019obtenir des statistiques d\u2019utilisation.<\/p>\n\n\n\n<p><strong>\u2192 Les cookies de performance<\/strong><\/p>\n\n\n\n<p>Nom du cookie : N\/A<\/p>\n\n\n\n<p>Cat\u00e9gorie : Cookies de performance<\/p>\n\n\n\n<p>Finalit\u00e9 : N\/A<\/p>\n\n\n\n<p><strong>\u2192 Cookies de tiers<\/strong><\/p>\n\n\n\n<p>Nom du cookie : N\/A<\/p>\n\n\n\n<p>Cat\u00e9gorie : Cookies de tiers<\/p>\n\n\n\n<p>Finalit\u00e9 : N\/A<\/p>\n\n\n\n<p><strong>Le tableau ci-dessus<\/strong> \u00e9num\u00e8re les cookies utilis\u00e9s par NB Corp. ainsi que les informations que ceux-ci enregistrent<\/p>\n\n\n\n<p>COMBIEN DE TEMPS LES COOKIES SONT-ILS CONSERV\u00c9S&nbsp;?<\/p>\n\n\n\n<p>&#8212;&#8212;&#8212;&#8212;&#8212;&#8212;&#8212;&#8212;&#8212;&#8212;&#8212;&#8212;&#8212;&#8212;&#8212;&#8212;&#8212;&#8212;&#8212;&#8212;&#8212;&#8212;&#8212;&#8212;&#8212;&#8212;&#8212;&#8212;&#8212;&#8212;&#8212;&#8211;<\/p>\n\n\n\n<ul class=\"wp-block-list\"><li><strong>Les cookies temporaires<\/strong> (les cookies de session) sont stock\u00e9s dans votre navigateur ou app de mani\u00e8re provisoire. Ils sont effac\u00e9s automatiquement d\u00e8s que vous fermez votre navigateur ou app.<\/li><li><strong>Les cookies permanents<\/strong> restent sur votre ordinateur ou appareil mobile, m\u00eame lorsque vous fermez le navigateur ou l&rsquo;app. Ils permettent de vous reconna\u00eetre lors de vos visites suivantes, et restent sur votre appareil jusqu&rsquo;\u00e0 leur \u00e9ch\u00e9ance, jusqu\u2019\u00e0 ce qu&rsquo;une nouvelle version du cookie soit install\u00e9e ou que vous les effaciez manuellement.<\/li><\/ul>\n\n\n\n<p>VIE PRIV\u00c9E LI\u00c9ES AUX COOKIES<\/p>\n\n\n\n<p>&#8212;&#8212;&#8212;&#8212;&#8212;&#8212;&#8212;&#8212;&#8212;&#8212;&#8212;&#8212;&#8212;&#8212;&#8212;&#8212;&#8212;<\/p>\n\n\n\n<p>Toutes les informations que NB Corp. r\u00e9colte par l\u2019interm\u00e9diaire des cookies ne contiennent aucune autre donn\u00e9e \u00e0 caract\u00e8re personnel que<strong> votre adresse IP<\/strong> , n\u00e9cessaires \u00e0 votre navigation sur Internet.<\/p>\n\n\n\n<p>Les informations li\u00e9es aux cookies sont uniquement utilis\u00e9es pour comprendre l\u2019exp\u00e9rience des utilisateurs du Sites web dans le but d\u2019am\u00e9liorer les prestations et la convivialit\u00e9 du site.<\/p>\n\n\n\n<p>Pour plus d\u2019informations, nous vous invitons \u00e0 consulter notre politique en mati\u00e8re de protection de la vie priv\u00e9e pr\u00e9vue dans les conditions g\u00e9n\u00e9rales d\u2019utilisation du Site web qui d\u00e9finit les r\u00e8gles que nous suivons dans le traitement de vos donn\u00e9es \u00e0 caract\u00e8re personnel que nous pourrions recueillir. [LIEN PRIVACY]<\/p>\n\n\n\n<p><br>PIXELS INVISIBLES<\/p>\n\n\n\n<p>&#8212;&#8212;&#8212;&#8212;&#8212;&#8212;&#8212;&#8212;&#8212;&#8212;&#8212;&#8211;<\/p>\n\n\n\n<p>Certaines de nos pages web peuvent contenir des images num\u00e9riques appel\u00e9es pixels invisibles (parfois aussi appel\u00e9s \u00ab&nbsp;shadow pixel&nbsp;\u00bb, \u00ab&nbsp;GIF invisibles&nbsp;\u00bb) qui nous permettent de compter les utilisateurs qui ont consult\u00e9 ces pages. Les pixels invisibles collectent uniquement des informations limit\u00e9es comprenant un num\u00e9ro de cookie, l\u2019heure et la date de consultation de la page et une description de la page sur laquelle se trouve le pixel invisible. Nos sites peuvent \u00e9galement contenir des pixels invisibles plac\u00e9s par des annonceurs tiers avec lesquels NB Corp. collabore. Ils ne contiennent aucune information personnelle identifiable et sont uniquement utilis\u00e9s pour suivre l\u2019efficacit\u00e9 d\u2019une campagne d\u00e9termin\u00e9e.<\/p>\n\n\n\n<p><br>MODIFICATION DE NOTRE POLITIQUE EN MATI\u00c8RE DE COOKIES<\/p>\n\n\n\n<p>&#8212;&#8212;&#8212;&#8212;&#8212;&#8212;&#8212;&#8212;&#8212;&#8212;&#8212;&#8212;&#8212;&#8212;&#8212;&#8212;&#8212;&#8212;&#8212;&#8212;&#8212;&#8212;&#8212;&#8212;&#8212;&#8212;&#8212;&#8212;&#8212;&#8212;&#8212;&#8212;&#8212;<\/p>\n\n\n\n<p>NB Corp. peut, \u00e0 tout moment et sans avertissement, modifier ou actualiser la pr\u00e9sente politique en mati\u00e8re de cookies en mettant en ligne une nouvelle version sur le site web. Il incombe \u00e0 l\u2019utilisateur de consulter la pr\u00e9sente page. Nous vous invitons par cons\u00e9quent \u00e0 consulter r\u00e9guli\u00e8rement la politique en mati\u00e8re de cookies pour prendre connaissance de ses \u00e9ventuelles modifications.<\/p>\n\n\n","protected":false},"excerpt":{"rendered":"<p>&#8212;&#8212;&#8212;&#8212;&#8212;&#8212;&#8212;&#8212;&#8212;&#8212;&#8212;&#8212;&#8212;&#8212;&#8212;&#8212;&#8212;&#8212;&#8212;&#8212;&#8212;&#8212;&#8211; A PROPOS &#8212;&#8212;&#8212;&#8212;&#8212;- NB Corp. consid\u00e8re que l\u2019utilisateur est responsable de l\u2019utilisation de son de son terminal (terminal, ordinateur, ordiphone, smartphone, tablette, \u2026 ), et du navigateur ou logiciel utilis\u00e9, et par cons\u00e9quent qu\u2019il incombe \u00e0 l\u2019utilisateur de g\u00e9rer les cookies stock\u00e9 localement sur son ordinateur ou son terminal. NB Corp. utilise principalement des [&hellip;]<\/p>\n","protected":false},"author":1,"featured_media":0,"parent":0,"menu_order":0,"comment_status":"closed","ping_status":"closed","template":"","meta":{"_et_pb_use_builder":"","_et_pb_old_content":"","_et_gb_content_width":"","_editorskit_title_hidden":false,"_editorskit_reading_time":8,"_editorskit_is_block_options_detached":false,"_editorskit_block_options_position":"{}","footnotes":""},"class_list":["post-171","page","type-page","status-publish","hentry"],"_links":{"self":[{"href":"https:\/\/nbcorp.be\/index.php?rest_route=\/wp\/v2\/pages\/171","targetHints":{"allow":["GET"]}}],"collection":[{"href":"https:\/\/nbcorp.be\/index.php?rest_route=\/wp\/v2\/pages"}],"about":[{"href":"https:\/\/nbcorp.be\/index.php?rest_route=\/wp\/v2\/types\/page"}],"author":[{"embeddable":true,"href":"https:\/\/nbcorp.be\/index.php?rest_route=\/wp\/v2\/users\/1"}],"replies":[{"embeddable":true,"href":"https:\/\/nbcorp.be\/index.php?rest_route=%2Fwp%2Fv2%2Fcomments&post=171"}],"version-history":[{"count":1,"href":"https:\/\/nbcorp.be\/index.php?rest_route=\/wp\/v2\/pages\/171\/revisions"}],"predecessor-version":[{"id":383,"href":"https:\/\/nbcorp.be\/index.php?rest_route=\/wp\/v2\/pages\/171\/revisions\/383"}],"wp:attachment":[{"href":"https:\/\/nbcorp.be\/index.php?rest_route=%2Fwp%2Fv2%2Fmedia&parent=171"}],"curies":[{"name":"wp","href":"https:\/\/api.w.org\/{rel}","templated":true}]}}