{"id":66,"date":"2020-07-07T14:24:27","date_gmt":"2020-07-07T12:24:27","guid":{"rendered":"https:\/\/beta2.nbcorp.be\/?page_id=66"},"modified":"2021-03-09T16:43:41","modified_gmt":"2021-03-09T15:43:41","slug":"game-studio","status":"publish","type":"page","link":"https:\/\/nbcorp.be\/?page_id=66","title":{"rendered":"Game Studio"},"content":{"rendered":"\n<div class=\"alignfull\">\n            <div class=\"precontenttextprel animated delay-1s fadeIn col-xs-12 col-sm-12 col-md-12 col-lg-12\">\n                  <div class=\"illustinvader1 col-xs-2 col-sm-2 col-md-2 col-lg-2\">\n                  <img decoding=\"async\" src=\"https:\/\/nbcorp.be\/documents\/images\/nbc-illust\/invader.svg\" alt=\"image invaders\">\n                  <\/div>\n                  <div class=\"contenttextprel col-xs-6 col-sm-6 col-md-6 col-lg-6\">\n                  Vous avez un projet de mini-jeu ou de jeu video ? <br>\n                  Vous voulez une autre fa\u00e7on de faire conna\u00eetre votre marque ou vos produits ?<br>\n                  Ou vous d\u00e9sirez proposer un outil p\u00e9dagogique pour votre public avec un serious game ? <br>\n                  N&rsquo;h\u00e9sitez pas \u00e0 nous contacter et parlons-en ensemble !<br>\n                      <div class=\"pixelcerise\">\n                      <img decoding=\"async\" class=\"animated delay-1s fadeIn slower infinite\" src=\"https:\/\/nbcorp.be\/documents\/images\/nbc-illust\/cherries3252.svg\" alt=\"image cherry\">\n                      <img decoding=\"async\" class=\"animated delay-2s fadeIn slower infinite\" src=\"https:\/\/nbcorp.be\/documents\/images\/nbc-illust\/cherries3252.svg\" alt=\"image cherry\">\n                      <img decoding=\"async\" class=\"animated delay-3s fadeIn slower infinite\" src=\"https:\/\/nbcorp.be\/documents\/images\/nbc-illust\/cherries3252.svg\" alt=\"image cherry\">\n                      <\/div>\n                  <\/div>\n                  <div class=\"illustinvader2 col-xs-2 col-sm-2 col-md-2 col-lg-2\">\n                  <img decoding=\"async\" src=\"https:\/\/nbcorp.be\/documents\/images\/nbc-illust\/invader.svg\" alt=\"image invaders\">\n                  <\/div>\n            <\/div>\n            <div class=\"gamingbg col-xs-12 col-sm-12 col-md-12 col-lg-12 col-xl-12\">\n                  <div class=\"gamecontent  animated delay-1s fadeIn col-xs-10 col-sm-10 col-md-10 col-lg-10 col-xl-10\">\n                      <div class=\"gamedemos\">\n                          <h2>Nos D\u00e9mos <i class=\"fa fa-gamepad\" aria-hidden=\"true\"><\/i><\/h2>\n                          <hr>\n                          <ul class=\"col-xs-12 col-sm-12 col-md-6 col-lg-6 col-xl-6\">\n                          <a href=\"https:\/\/nbcorp.be\/?page_id=149\">\n                          <li class=\"gamefolio \">\n                          <div>\n                          <\/div>\n                          <div>\n                          <h2>Esquive NB Corp.<\/h2>\n                          <hr>\n                          <\/div>\n                          <\/li>\n                          <\/a>\n<br>\n<br>\n                          <a href=\"https:\/\/nbcorp.be\/?page_id=154\">\n                          <li class=\"gamefolio \">\n                          <div>\n                          <\/div>\n                          <div>\n                          <h2>NB Corp. &#8211; Memory<\/h2>\n                          <hr>\n                          <\/div>\n                          <\/li>\n                          <\/a>\n                          <\/ul>\n                      <\/div>\n                  <\/div>\n            <\/div>\n<\/div>\n","protected":false},"excerpt":{"rendered":"<p>Vous avez un projet de mini-jeu ou de jeu video ? Vous voulez une autre fa\u00e7on de faire conna\u00eetre votre marque ou vos produits ? Ou vous d\u00e9sirez proposer un outil p\u00e9dagogique pour votre public avec un serious game ? N&rsquo;h\u00e9sitez pas \u00e0 nous contacter et parlons-en ensemble ! Nos D\u00e9mos Esquive NB Corp. NB [&hellip;]<\/p>\n","protected":false},"author":1,"featured_media":0,"parent":52,"menu_order":0,"comment_status":"closed","ping_status":"closed","template":"","meta":{"_et_pb_use_builder":"","_et_pb_old_content":"","_et_gb_content_width":"","_editorskit_title_hidden":false,"_editorskit_reading_time":1,"_editorskit_is_block_options_detached":false,"_editorskit_block_options_position":"{}","footnotes":""},"class_list":["post-66","page","type-page","status-publish","hentry"],"_links":{"self":[{"href":"https:\/\/nbcorp.be\/index.php?rest_route=\/wp\/v2\/pages\/66","targetHints":{"allow":["GET"]}}],"collection":[{"href":"https:\/\/nbcorp.be\/index.php?rest_route=\/wp\/v2\/pages"}],"about":[{"href":"https:\/\/nbcorp.be\/index.php?rest_route=\/wp\/v2\/types\/page"}],"author":[{"embeddable":true,"href":"https:\/\/nbcorp.be\/index.php?rest_route=\/wp\/v2\/users\/1"}],"replies":[{"embeddable":true,"href":"https:\/\/nbcorp.be\/index.php?rest_route=%2Fwp%2Fv2%2Fcomments&post=66"}],"version-history":[{"count":3,"href":"https:\/\/nbcorp.be\/index.php?rest_route=\/wp\/v2\/pages\/66\/revisions"}],"predecessor-version":[{"id":379,"href":"https:\/\/nbcorp.be\/index.php?rest_route=\/wp\/v2\/pages\/66\/revisions\/379"}],"up":[{"embeddable":true,"href":"https:\/\/nbcorp.be\/index.php?rest_route=\/wp\/v2\/pages\/52"}],"wp:attachment":[{"href":"https:\/\/nbcorp.be\/index.php?rest_route=%2Fwp%2Fv2%2Fmedia&parent=66"}],"curies":[{"name":"wp","href":"https:\/\/api.w.org\/{rel}","templated":true}]}}